{"id":27,"date":"2017-03-09T21:10:18","date_gmt":"2017-03-09T20:10:18","guid":{"rendered":"http:\/\/easy-restoration.com\/?page_id=27"},"modified":"2025-08-07T15:52:00","modified_gmt":"2025-08-07T13:52:00","slug":"oldtimer-restauration-software","status":"publish","type":"page","link":"https:\/\/easy-restoration.com\/","title":{"rendered":"Oldtimer Restauration Software"},"content":{"rendered":"<p>\u00a0<a href=\"http:\/\/easy-restoration.com\/?page_id=69\">Switch to English <img loading=\"lazy\" decoding=\"async\" class=\"alignnone  wp-image-179\" src=\"http:\/\/easy-restoration.com\/wp-content\/uploads\/2022\/05\/uk_flag-150x150.png\" alt=\"Switch to English\" width=\"48\" height=\"48\" srcset=\"https:\/\/easy-restoration.com\/wp-content\/uploads\/2022\/05\/uk_flag-150x150.png 150w, https:\/\/easy-restoration.com\/wp-content\/uploads\/2022\/05\/uk_flag-300x300.png 300w, https:\/\/easy-restoration.com\/wp-content\/uploads\/2022\/05\/uk_flag.png 500w\" sizes=\"auto, (max-width: 48px) 100vw, 48px\" \/><\/a><\/p>\n<p><em><strong>easy restoration<\/strong><\/em> ist gerade in Fertigstellung und bekommt einen neuen Namen: <a href=\"https:\/\/www.classics-paradise.com\/de\/easy-classics\/\"><em><strong>Easy Classics<\/strong><\/em><\/a>\u00a0und ist Teil von <a href=\"https:\/\/www.classics-paradise.com\/de\/\"><em><strong>Classics Paradise<\/strong><\/em><\/a>, ein Service f\u00fcr Oldtimer Eigent\u00fcmer.<\/p>\n<p>Wenn Sie jemals einen Oldtimer restauriert haben oder vielleicht gerade an einer Restauration dran sind, dann wissen Sie wie komplex solche Projekte sein k\u00f6nnen und vor welchen Herausforderungen Sie gestellt werden.\u00a0Mit <em><strong>easy restoration<\/strong><\/em> wollen wir eine Oldtimer Restauration Software entwickeln, die Ihnen die Restauration vereinfacht.<\/p>\n<p>Eine Restauration eines Oldtimers dauert viele Monate wenn nicht sogar Jahre. Es ist daher unm\u00f6glich sich alle Schritte der Demontage zu merken und eine komplette \u00dcbersicht aller Teile, wo sie sich befinden und wie sie restauriert werden m\u00fcssen, im Kopf zu behalten. Eine gute Dokumentation Ihrer Arbeit kann Ihnen daher viel Arbeit und viel \u00c4rger sparen. So eine Dokumentation zu erstellen ist allerdings nicht einfach und oft zeitraubend. Die meisten Restaurateure verwenden nur ein Fotoapparat und glauben mit den Hunderten von Fotos ihr Projekt sauber dokumentiert zu haben. Aber sp\u00e4testens beim Zusammenbau enden solche Projekte oft in ein Fiasko.<\/p>\n<p>Unsere Oldtimer Restauration Software kann Ihnen zwar keine Restaurationsarbeit abnehmen, aber sie kann Ihnen helfen, strukturiert vorzugehen, gut zu dokumentieren und einen besseren\u00a0\u00dcberblick \u00fcber Ihre Restauration zu geben.<br \/>Somit ist\u00a0es m\u00f6glich, Restaurationen einfacher, schneller und g\u00fcnstiger durchzuf\u00fchren.<\/p>\n\n\n<p><\/p>\n","protected":false},"excerpt":{"rendered":"<p>\u00a0Switch to English easy restoration ist gerade in Fertigstellung und bekommt einen neuen Namen: Easy Classics\u00a0und ist Teil von Classics Paradise, ein Service f\u00fcr Oldtimer Eigent\u00fcmer. Wenn Sie jemals einen Oldtimer restauriert haben oder vielleicht gerade an einer Restauration dran sind, dann wissen Sie wie komplex solche Projekte sein k\u00f6nnen und vor welchen Herausforderungen Sie <a class=\"more-link\" href=\"https:\/\/easy-restoration.com\/\">Read More &#8230;<\/a><\/p>\n","protected":false},"author":1,"featured_media":0,"parent":0,"menu_order":0,"comment_status":"closed","ping_status":"closed","template":"","meta":{"_monsterinsights_skip_tracking":false,"_monsterinsights_sitenote_active":false,"_monsterinsights_sitenote_note":"","_monsterinsights_sitenote_category":0,"footnotes":""},"class_list":["post-27","page","type-page","status-publish","hentry"],"_links":{"self":[{"href":"https:\/\/easy-restoration.com\/index.php?rest_route=\/wp\/v2\/pages\/27","targetHints":{"allow":["GET"]}}],"collection":[{"href":"https:\/\/easy-restoration.com\/index.php?rest_route=\/wp\/v2\/pages"}],"about":[{"href":"https:\/\/easy-restoration.com\/index.php?rest_route=\/wp\/v2\/types\/page"}],"author":[{"embeddable":true,"href":"https:\/\/easy-restoration.com\/index.php?rest_route=\/wp\/v2\/users\/1"}],"replies":[{"embeddable":true,"href":"https:\/\/easy-restoration.com\/index.php?rest_route=%2Fwp%2Fv2%2Fcomments&post=27"}],"version-history":[{"count":9,"href":"https:\/\/easy-restoration.com\/index.php?rest_route=\/wp\/v2\/pages\/27\/revisions"}],"predecessor-version":[{"id":200,"href":"https:\/\/easy-restoration.com\/index.php?rest_route=\/wp\/v2\/pages\/27\/revisions\/200"}],"wp:attachment":[{"href":"https:\/\/easy-restoration.com\/index.php?rest_route=%2Fwp%2Fv2%2Fmedia&parent=27"}],"curies":[{"name":"wp","href":"https:\/\/api.w.org\/{rel}","templated":true}]}}