{"id":48,"date":"2017-03-09T23:58:48","date_gmt":"2017-03-09T22:58:48","guid":{"rendered":"http:\/\/easy-restoration.com\/?page_id=48"},"modified":"2022-05-20T16:28:43","modified_gmt":"2022-05-20T14:28:43","slug":"oldtimer_restoration","status":"publish","type":"page","link":"https:\/\/easy-restoration.com\/?page_id=48","title":{"rendered":"Restauration"},"content":{"rendered":"<p>Nach der Demontage beginnt der eigentliche Restaurationsprozess.<\/p>\n<p>In dieser Phase ist es wichtig, st\u00e4ndig einen guten \u00dcberblick \u00fcber alle Teile zu haben.<br \/>\nWo befinden sich\u00a0welche Teile? Liegen sie im Lager oder sind sie gerade bei einem Lieferanten?<br \/>\nWelche Teile m\u00fcssen wie restauriert werden? Machen Sie das selbst, geben Sie bestimmte Arbeiten extern oder m\u00fcssen Teile ersetzt werden?<br \/>\nWie hoch sind meine Ausgaben f\u00fcr Ersatzteile bzw. f\u00fcr Restaurationsarbeiten?<br \/>\nWelche Teile sind fertig restauriert und k\u00f6nnen wieder\u00a0zusammengebaut werden?<\/p>\n<p><strong>easy restoration<\/strong>\u00a0kann Ihnen dabei helfen um&#8230;<\/p>\n<ul>\n<li>Ihre Teile schnell zu finden<\/li>\n<li>vollst\u00e4ndige \u00dcbersichten zu generieren, wie welche Teile restauriert werden m\u00fcssen,<\/li>\n<li>weitere Listen wie St\u00fccklisten, Lieferscheine, Adressetiketten etc. zu drucken,<\/li>\n<li>schnell und einfach den richtigen Lieferanten zu finden,<\/li>\n<li>alle Ausgaben und alle Arbeitszeiten zu erfassen und zu kontrollieren\u00a0und<\/li>\n<li>st\u00e4ndig einen \u00dcberblick zu haben, wie weit Ihre Restauration gefordert ist.<\/li>\n<\/ul>\n<p><a href=\"http:\/\/easy-restoration.com\/?page_id=51\">Sobald Teile restauriert sind, kann mit dem Wiederaufbau begonnen werden, lesen Sie weiter&#8230;<\/a><\/p>\n","protected":false},"excerpt":{"rendered":"<p>Nach der Demontage beginnt der eigentliche Restaurationsprozess. In dieser Phase ist es wichtig, st\u00e4ndig einen guten \u00dcberblick \u00fcber alle Teile zu haben. Wo befinden sich\u00a0welche Teile? Liegen sie im Lager oder sind sie gerade bei einem Lieferanten? Welche Teile m\u00fcssen wie restauriert werden? Machen Sie das selbst, geben Sie bestimmte Arbeiten extern oder m\u00fcssen Teile <a class=\"more-link\" href=\"https:\/\/easy-restoration.com\/?page_id=48\">Read More &#8230;<\/a><\/p>\n","protected":false},"author":1,"featured_media":40,"parent":0,"menu_order":0,"comment_status":"closed","ping_status":"closed","template":"","meta":{"_monsterinsights_skip_tracking":false,"_monsterinsights_sitenote_active":false,"_monsterinsights_sitenote_note":"","_monsterinsights_sitenote_category":0,"footnotes":""},"class_list":["post-48","page","type-page","status-publish","has-post-thumbnail","hentry"],"_links":{"self":[{"href":"https:\/\/easy-restoration.com\/index.php?rest_route=\/wp\/v2\/pages\/48","targetHints":{"allow":["GET"]}}],"collection":[{"href":"https:\/\/easy-restoration.com\/index.php?rest_route=\/wp\/v2\/pages"}],"about":[{"href":"https:\/\/easy-restoration.com\/index.php?rest_route=\/wp\/v2\/types\/page"}],"author":[{"embeddable":true,"href":"https:\/\/easy-restoration.com\/index.php?rest_route=\/wp\/v2\/users\/1"}],"replies":[{"embeddable":true,"href":"https:\/\/easy-restoration.com\/index.php?rest_route=%2Fwp%2Fv2%2Fcomments&post=48"}],"version-history":[{"count":10,"href":"https:\/\/easy-restoration.com\/index.php?rest_route=\/wp\/v2\/pages\/48\/revisions"}],"predecessor-version":[{"id":174,"href":"https:\/\/easy-restoration.com\/index.php?rest_route=\/wp\/v2\/pages\/48\/revisions\/174"}],"wp:featuredmedia":[{"embeddable":true,"href":"https:\/\/easy-restoration.com\/index.php?rest_route=\/wp\/v2\/media\/40"}],"wp:attachment":[{"href":"https:\/\/easy-restoration.com\/index.php?rest_route=%2Fwp%2Fv2%2Fmedia&parent=48"}],"curies":[{"name":"wp","href":"https:\/\/api.w.org\/{rel}","templated":true}]}}